{"id":1672,"date":"2021-11-17T21:14:00","date_gmt":"2021-11-17T21:14:00","guid":{"rendered":"https:\/\/fkg-css.ch\/?page_id=1672"},"modified":"2023-05-17T06:20:05","modified_gmt":"2023-05-17T06:20:05","slug":"schp","status":"publish","type":"page","link":"https:\/\/fkg-css.ch\/it\/schp\/","title":{"rendered":"SCHP"},"content":{"rendered":"<p>[et_pb_section fb_built=&#8221;1&#8243; _builder_version=&#8221;4.16&#8243; _module_preset=&#8221;default&#8221; background_color=&#8221;#fcf4f1&#8243; custom_margin=&#8221;||||false|false&#8221; custom_padding=&#8221;0px||0px||false|false&#8221; global_colors_info=&#8221;{}&#8221;][et_pb_row _builder_version=&#8221;4.16&#8243; _module_preset=&#8221;default&#8221; background_color=&#8221;#fcf4f1&#8243; width=&#8221;100%&#8221; max_width=&#8221;2560px&#8221; custom_padding=&#8221;0px||15px||false|false&#8221; global_colors_info=&#8221;{}&#8221;][et_pb_column type=&#8221;4_4&#8243; _builder_version=&#8221;4.16&#8243; _module_preset=&#8221;default&#8221; global_colors_info=&#8221;{}&#8221;][et_pb_image src=&#8221;https:\/\/fkg-css.ch\/wp-content\/uploads\/2021\/11\/Bandeau-SCHP-2560-x-512-it.jpg&#8221; title_text=&#8221;Bandeau-SCHP-768-X-600-it&#8221; src_tablet=&#8221;https:\/\/fkg-css.ch\/wp-content\/uploads\/2021\/11\/Bandeau-SCHP-768-X-600-it.jpg&#8221; src_phone=&#8221;https:\/\/fkg-css.ch\/wp-content\/uploads\/2021\/11\/Bandeau-SCHP-768-X-600-fr.jpg&#8221; src_last_edited=&#8221;on|tablet&#8221; _builder_version=&#8221;4.16&#8243; _module_preset=&#8221;default&#8221; global_colors_info=&#8221;{}&#8221;][\/et_pb_image][et_pb_text _builder_version=&#8221;4.16&#8243; _module_preset=&#8221;default&#8221; text_text_color=&#8221;#4A4A49&#8243; width=&#8221;80%&#8221; max_width=&#8221;1080px&#8221; module_alignment=&#8221;center&#8221; custom_margin=&#8221;100px||80px||false|false&#8221; global_colors_info=&#8221;{}&#8221;]<\/p>\n<p><strong>La FKG-CSS (Conferenza specializzata sulla salute delle scuole universitarie professionali svizzere) organizza ogni due anni il Congresso svizzero delle professioni sanitarie (SCHP), a cui partecipa una diversa scuola universitaria professionale.<\/strong><\/p>\n<p><span style=\"font-weight: 400;\">Il Congresso svizzero per le professioni sanitarie \u00e8:<\/span><\/p>\n<ul>\n<li><span style=\"font-weight: 400;\">un evento nazionale dedicato alla condivisione di conoscenze ed esperienze tra le Scuole Universitarie Professionali della salute<\/span><\/li>\n<li><span style=\"font-weight: 400;\">\u00a0un congresso che riunisce professionisti della salute dei seguenti campi di studi: ergoterapia, Nutrizione e dietetica, Fisioterapia, Ostetricia, Infermieristica, Tecnici di radiologia medica, Osteopatia.<\/span><\/li>\n<\/ul>\n<p>[\/et_pb_text][et_pb_text _builder_version=&#8221;4.16&#8243; _module_preset=&#8221;default&#8221; text_text_color=&#8221;#4A4A49&#8243; width=&#8221;80%&#8221; max_width=&#8221;1080px&#8221; module_alignment=&#8221;center&#8221; custom_margin=&#8221;100px||30px||false|false&#8221; global_colors_info=&#8221;{}&#8221;]<\/p>\n<h3 style=\"text-align: center;\">Trovate tutte le informazioni sul SCHP in tedesco o francese.<\/h3>\n<p>[\/et_pb_text][\/et_pb_column][\/et_pb_row][et_pb_row column_structure=&#8221;1_2,1_2&#8243; _builder_version=&#8221;4.16&#8243; _module_preset=&#8221;default&#8221; custom_padding=&#8221;||156px|||&#8221; global_colors_info=&#8221;{}&#8221;][et_pb_column type=&#8221;1_2&#8243; _builder_version=&#8221;4.16&#8243; _module_preset=&#8221;default&#8221; global_colors_info=&#8221;{}&#8221;][et_pb_button button_url=&#8221;https:\/\/fkg-css.ch\/les-congres-schp\/&#8221; button_text=&#8221;Le congr\u00e8s&#8221; button_alignment=&#8221;center&#8221; _builder_version=&#8221;4.20.2&#8243; _module_preset=&#8221;default&#8221; custom_button=&#8221;on&#8221; button_text_color=&#8221;#1966b3&#8243; button_border_color=&#8221;#1966b3&#8243; button_use_icon=&#8221;off&#8221; hover_transition_duration=&#8221;500ms&#8221; hover_transition_delay=&#8221;100ms&#8221; hover_transition_speed_curve=&#8221;linear&#8221; hover_enabled=&#8221;0&#8243; global_colors_info=&#8221;{}&#8221; button_bg_color__hover_enabled=&#8221;on|hover&#8221; button_text_color__hover_enabled=&#8221;on|desktop&#8221; button_bg_color__hover=&#8221;#FFFFFF&#8221; button_bg_enable_color__hover=&#8221;on&#8221; button_text_color__hover=&#8221;#0C71C3&#8243; button_border_width__hover_enabled=&#8221;on|hover&#8221; button_border_width__hover=&#8221;2px&#8221; button_border_color__hover_enabled=&#8221;on|hover&#8221; button_border_color__hover=&#8221;#FFFFFF&#8221; custom_css_before__hover_enabled=&#8221;off|hover&#8221; sticky_enabled=&#8221;0&#8243;][\/et_pb_button][\/et_pb_column][et_pb_column type=&#8221;1_2&#8243; _builder_version=&#8221;4.16&#8243; _module_preset=&#8221;default&#8221; global_colors_info=&#8221;{}&#8221;][et_pb_button button_url=&#8221;https:\/\/fkg-css.ch\/de\/die-schp-kongresse\/&#8221; button_text=&#8221;Der Kongress&#8221; button_alignment=&#8221;center&#8221; _builder_version=&#8221;4.20.2&#8243; _module_preset=&#8221;default&#8221; custom_button=&#8221;on&#8221; button_text_color=&#8221;#1966b3&#8243; button_border_color=&#8221;#1966b3&#8243; button_use_icon=&#8221;off&#8221; hover_transition_duration=&#8221;500ms&#8221; hover_transition_delay=&#8221;100ms&#8221; hover_transition_speed_curve=&#8221;linear&#8221; hover_enabled=&#8221;0&#8243; global_colors_info=&#8221;{}&#8221; button_bg_color__hover_enabled=&#8221;on|hover&#8221; button_text_color__hover_enabled=&#8221;on|desktop&#8221; button_bg_color__hover=&#8221;#FFFFFF&#8221; button_bg_enable_color__hover=&#8221;on&#8221; button_text_color__hover=&#8221;#0C71C3&#8243; button_border_width__hover_enabled=&#8221;on|hover&#8221; button_border_width__hover=&#8221;2px&#8221; button_border_color__hover_enabled=&#8221;on|hover&#8221; button_border_color__hover=&#8221;#FFFFFF&#8221; custom_css_before__hover_enabled=&#8221;off|hover&#8221; sticky_enabled=&#8221;0&#8243;][\/et_pb_button][\/et_pb_column][\/et_pb_row][\/et_pb_section]<\/p>\n","protected":false},"excerpt":{"rendered":"<p>La FKG-CSS (Conferenza specializzata sulla salute delle scuole universitarie professionali svizzere) organizza ogni due anni il Congresso svizzero delle professioni sanitarie (SCHP), a cui partecipa una diversa scuola universitaria professionale. Il Congresso svizzero per le professioni sanitarie \u00e8: un evento nazionale dedicato alla condivisione di conoscenze ed esperienze tra le Scuole Universitarie Professionali della salute [&hellip;]<\/p>\n","protected":false},"author":1,"featured_media":0,"parent":0,"menu_order":0,"comment_status":"closed","ping_status":"closed","template":"","meta":{"_et_pb_use_builder":"on","_et_pb_old_content":"[et_pb_section fb_built=\"1\" _builder_version=\"4.10.5\" _module_preset=\"default\" custom_margin=\"||||false|false\" custom_padding=\"0px||0px||false|false\" global_colors_info=\"{}\"][et_pb_row _builder_version=\"4.10.5\" _module_preset=\"default\" background_color=\"#fcf4f1\" width=\"100%\" max_width=\"2560px\" custom_padding=\"0px||||false|false\" global_colors_info=\"{}\"][et_pb_column type=\"4_4\" _builder_version=\"4.10.5\" _module_preset=\"default\" global_colors_info=\"{}\"][et_pb_image src=\"https:\/\/fkg-css.ch\/wp-content\/uploads\/2021\/11\/Bandeau-SCHP-2560-x-512-fr.jpg\" title_text=\"Bandeau-SCHP-768-X-600-fr\" src_tablet=\"https:\/\/fkg-css.ch\/wp-content\/uploads\/2021\/11\/Bandeau-SCHP-768-X-600-fr.jpg\" src_phone=\"https:\/\/fkg-css.ch\/wp-content\/uploads\/2021\/11\/Bandeau-SCHP-768-X-600-fr.jpg\" src_last_edited=\"on|tablet\" _builder_version=\"4.13.1\" _module_preset=\"default\" global_colors_info=\"{}\"][\/et_pb_image][et_pb_text _builder_version=\"4.10.5\" _module_preset=\"default\" text_text_color=\"#4A4A49\" width=\"80%\" max_width=\"1080px\" module_alignment=\"center\" custom_margin=\"100px||80px||false|false\" global_colors_info=\"{}\"]\n\n<strong>Le domaine Sant\u00e9 de la HES-SO et la FKG-CSS (Conf\u00e9rence sp\u00e9cialis\u00e9e Sant\u00e9 des Hautes \u00c9coles Sp\u00e9cialis\u00e9es Suisses) ont le plaisir de vous annoncer les dates de la 6<span style=\"font-size: x-small;\"><sup>\u00e8me<\/sup><\/span> \u00e9dition du Swiss Congress for Health Professions (SCHP), qui aura lieu \u00e0 Neuch\u00e2tel les 1<span style=\"font-size: x-small;\"><sup>er<\/sup><\/span> et 2 septembre 2022, \u00e0 la Haute Ecole Arc.<\/strong>\n\nLe Swiss Congress for Health Profession :\n<ul>\n \t<li>un rendez-vous national d\u00e9di\u00e9 au partage de connaissances et d'exp\u00e9riences entre les hautes \u00e9coles sp\u00e9cialis\u00e9es du domaine de la sant\u00e9 ;<\/li>\n \t<li>un congr\u00e8s rassemblant les professionnel\u00b7les de la sant\u00e9 issu\u00b7es des fili\u00e8res suivantes : Ergoth\u00e9rapie, Nutrition et di\u00e9t\u00e9tique, Physioth\u00e9rapie, Sage-femme, Soins infirmiers, Technologie en radiologie m\u00e9dicale, Ost\u00e9opathie.<\/li>\n<\/ul>\nL'appel \u00e0 contributions sera publi\u00e9 prochainement.\n\n[\/et_pb_text][et_pb_text _builder_version=\"4.10.5\" _module_preset=\"default\" text_text_color=\"#4A4A49\" header_3_font_size=\"26px\" width=\"80%\" max_width=\"1080px\" module_alignment=\"center\" custom_margin=\"||100px||false|false\" global_colors_info=\"{}\"]\n\n<strong>Le SWISS CONGRESS FOR HEALTH PROFESSIONS est la plate-forme d\u00e9di\u00e9e aux \u00e9changes de savoirs entre les hautes \u00e9coles sp\u00e9cialis\u00e9es du domaine de la sant\u00e9, qui d\u00e9ploient les fili\u00e8res d\u2019\u00e9tudes suivantes :<\/strong>\n<ul>\n \t<li>Ergoth\u00e9rapie<\/li>\n \t<li>Nutrition et di\u00e9t\u00e9tique<\/li>\n \t<li>Physioth\u00e9rapie<\/li>\n \t<li>Ost\u00e9opathie<\/li>\n \t<li>Sage-femme<\/li>\n \t<li>Soins infirmiers<\/li>\n \t<li>Technologie en radiologie m\u00e9dicale (Romandie)<\/li>\n<\/ul>\nN\u00e9 \u00e0 l\u2019initiative de la FKG-CSS (Conf\u00e9rence sp\u00e9cialis\u00e9e Sant\u00e9 des Hautes \u00c9coles Sp\u00e9cialis\u00e9es Suisses), organis\u00e9 par une des hautes \u00e9coles de sant\u00e9 tous les deux ans :\n\n21 &amp; 22 avril 2010 \u00e0 Fribourg (HES-SO)\n31 mai &amp;1er juin 2012 \u00e0 Winterthour (ZHAW)\n11 &amp; 12 mars 2014 \u00e0 Berne (BFH)\n1<span style=\"font-size: x-small;\"><sup>er<\/sup><\/span> 2 septembre 2016 \u00e0 Lugano (SUPSI)\n3 et 4 septembre 2018 \u00e0 Zurich (Kalaidos)\n\n&nbsp;\n<h3>Les objectifs<\/h3>\n<ul>\n \t<li>Echanges interdisciplinaires et interprofessionnels<\/li>\n \t<li>Renforcement d\u2019une identit\u00e9 des professions de la sant\u00e9<\/li>\n \t<li>Pr\u00e9sentations de r\u00e9sultats de recherches, de nouvelles th\u00e9ories et<\/li>\n \t<li>de pratiques innovantes<\/li>\n \t<li>R\u00e9seautage<\/li>\n \t<li>Positionnement et relations publiques<\/li>\n<\/ul>\n<h3><\/h3>\n<h3>Le public-cible<\/h3>\n<ul>\n \t<li>Collaborateurs\u00b7rices et alumnis des hautes \u00e9coles sp\u00e9cialis\u00e9es et des \u00e9coles sup\u00e9rieures actives et actifs dans l'enseignement, dans la recherche ou dans le d\u00e9veloppement de prestations de service<\/li>\n \t<li>Praticien\u00b7nes, sp\u00e9cialistes et cadres des milieux de soins<\/li>\n \t<li>Personnes actives dans le syst\u00e8me de sant\u00e9 et\/ou qui s\u2019int\u00e9ressent aux questions sanitaires (m\u00e9decins, psychologues, sociologues, assistant\u00b7es social\u00b7es, \u00e9conomistes, juristes, etc.)<\/li>\n \t<li>Personnes actives dans la formation, dans la recherche, dans les politiques de sant\u00e9 ou dans les administrations publiques<\/li>\n<\/ul>\n<h3><\/h3>\n<h3>Langues du Congr\u00e8s<\/h3>\nfran\u00e7ais, allemand, anglais\n\n[\/et_pb_text][\/et_pb_column][\/et_pb_row][\/et_pb_section]","_et_gb_content_width":"","inline_featured_image":false,"footnotes":""},"class_list":["post-1672","page","type-page","status-publish","hentry"],"aioseo_notices":[],"_links":{"self":[{"href":"https:\/\/fkg-css.ch\/it\/wp-json\/wp\/v2\/pages\/1672","targetHints":{"allow":["GET"]}}],"collection":[{"href":"https:\/\/fkg-css.ch\/it\/wp-json\/wp\/v2\/pages"}],"about":[{"href":"https:\/\/fkg-css.ch\/it\/wp-json\/wp\/v2\/types\/page"}],"author":[{"embeddable":true,"href":"https:\/\/fkg-css.ch\/it\/wp-json\/wp\/v2\/users\/1"}],"replies":[{"embeddable":true,"href":"https:\/\/fkg-css.ch\/it\/wp-json\/wp\/v2\/comments?post=1672"}],"version-history":[{"count":8,"href":"https:\/\/fkg-css.ch\/it\/wp-json\/wp\/v2\/pages\/1672\/revisions"}],"predecessor-version":[{"id":2587,"href":"https:\/\/fkg-css.ch\/it\/wp-json\/wp\/v2\/pages\/1672\/revisions\/2587"}],"wp:attachment":[{"href":"https:\/\/fkg-css.ch\/it\/wp-json\/wp\/v2\/media?parent=1672"}],"curies":[{"name":"wp","href":"https:\/\/api.w.org\/{rel}","templated":true}]}}